{"id":3,"date":"2025-02-06T10:12:29","date_gmt":"2025-02-06T10:12:29","guid":{"rendered":"http:\/\/surantdesign.com\/?page_id=3"},"modified":"2025-03-11T10:46:00","modified_gmt":"2025-03-11T09:46:00","slug":"privacy-policy","status":"publish","type":"page","link":"https:\/\/surantdesign.com\/es\/privacy-policy\/","title":{"rendered":"Pol\u00edtica de privacidad"},"content":{"rendered":"<h2 class=\"wp-block-heading\" id=\"politica-de-privacitat-i-cookies\" style=\"border-style:none;border-width:0px;margin-top:60px\">POL\u00cdTICA DE PRIVACIDAD Y COOKIES<\/h2>\n\n\n\n<h3 class=\"wp-block-heading\" id=\"que-es-el-rgpd\">\u00bfQu\u00e9 es el RGPD?<\/h3>\n\n\n\n<p>El <strong>Reglamento General de Protecci\u00f3n de Datos (RGPD)<\/strong> tiene como objetivo unificar a nivel europeo las normativas de protecci\u00f3n de datos. Este reglamento exige que las empresas y administraciones sean m\u00e1s transparentes respecto a los datos personales que recogen, su uso y derechos de los usuarios.<\/p>\n\n\n\n<p>En esta pol\u00edtica encontrar\u00e1s informaci\u00f3n sobre:<\/p>\n\n\n\n<ul class=\"wp-block-list\">\n<li>Qu\u00e9 datos tenemos de ti.<\/li>\n\n\n\n<li>C\u00f3mo las recogemos.<\/li>\n\n\n\n<li>Para que las utilicemos.<\/li>\n\n\n\n<li>\u00bfCu\u00e1les son tus derechos sobre estos datos?<\/li>\n<\/ul>\n\n\n\n<p>El modelo de gesti\u00f3n de la privacidad y la protecci\u00f3n de datos de <strong>Surant Design<\/strong> se fundamenta en el siguiente marco jur\u00eddico:<\/p>\n\n\n\n<ul class=\"wp-block-list\">\n<li><strong>Reglamento (UE) 2016\/679<\/strong> del Parlamento Europeo y del Consejo de 27 de abril de 2016 (RGPD).<\/li>\n\n\n\n<li><strong>Ley Org\u00e1nica 3\/2018<\/strong>, de 5 de diciembre, de Protecci\u00f3n de Datos Personales y garant\u00eda de los derechos digitales (LOPDGDD).<\/li>\n\n\n\n<li>Otras normativas aplicables de protecci\u00f3n de datos y directrices europeas.<\/li>\n<\/ul>\n\n\n\n<hr class=\"wp-block-separator has-alpha-channel-opacity\"\/>\n\n\n\n<h2 class=\"wp-block-heading\" id=\"com-recollim-informacio-de-tu\">\u00bfC\u00f3mo recopilamos informaci\u00f3n de ti?<\/h2>\n\n\n\n<h3 class=\"wp-block-heading\" id=\"informacio-que-ens-proporciones-directament\">Informaci\u00f3n que nos proporcionas directamente:<\/h3>\n\n\n\n<ul class=\"wp-block-list\">\n<li>Cuando te registras en nuestra web.<\/li>\n\n\n\n<li>Cuando realizas una compra en nuestra tienda online.<\/li>\n\n\n\n<li>Cuando participas en un concurso o completas alg\u00fan formulario de contacto o suscripci\u00f3n a nuestra newsletter.<\/li>\n<\/ul>\n\n\n\n<h3 class=\"wp-block-heading\" id=\"informacio-que-recollim-automaticament\">Informaci\u00f3n que recopilamos autom\u00e1ticamente:<\/h3>\n\n\n\n<ul class=\"wp-block-list\">\n<li><strong>Cookies y tecnolog\u00edas similares<\/strong>: Cuando navegas por nuestra web, recogemos informaci\u00f3n sobre tu dispositivo, direcci\u00f3n IP, tipo de navegador, p\u00e1gina de procedencia y comportamiento de navegaci\u00f3n. Consulta la <strong>Pol\u00edtica de Cookies<\/strong> para m\u00e1s detalles.<\/li>\n<\/ul>\n\n\n\n<hr class=\"wp-block-separator has-alpha-channel-opacity\"\/>\n\n\n\n<h2 class=\"wp-block-heading\" id=\"per-a-que-fem-servir-les-teves-dades\">\u00bfPara qu\u00e9 utilizamos tus datos?<\/h2>\n\n\n\n<p>Tus datos personales se utilizan para las siguientes finalidades:<\/p>\n\n\n\n<ul class=\"wp-block-list\">\n<li><strong>Gesti\u00f3n de pedidos y compras<\/strong>: Para procesar tus pedidos y gestionar los env\u00edos.<\/li>\n\n\n\n<li><strong>Atenci\u00f3n al cliente<\/strong>: Para responder a tus consultas, solicitudes o incidencias.<\/li>\n\n\n\n<li><strong>Comunicaciones comerciales<\/strong>: Para enviarte newsletters, promociones o informaci\u00f3n sobre nuestros productos, siempre con tu previo consentimiento.<\/li>\n\n\n\n<li><strong>Mejora de la experiencia de usuario<\/strong>: Para analizar el comportamiento de navegaci\u00f3n y ofrecer contenido personalizado.<\/li>\n\n\n\n<li><strong>Cumplimiento de obligaciones legales<\/strong>: Para cumplir con las normativas aplicables.<\/li>\n<\/ul>\n\n\n\n<hr class=\"wp-block-separator has-alpha-channel-opacity\"\/>\n\n\n\n<h2 class=\"wp-block-heading\" id=\"base-legal-per-al-tractament-de-les-dades\">Base legal para el tratamiento de los datos<\/h2>\n\n\n\n<p>El tratamiento de tus datos personales se basa en:<\/p>\n\n\n\n<ul class=\"wp-block-list\">\n<li><strong>Consentimiento expreso<\/strong>: Para el env\u00edo de comunicaciones comerciales y el uso de cookies no esenciales.<\/li>\n\n\n\n<li><strong>Ejecuci\u00f3n de un contrato<\/strong>: Para gestionar las compras realizadas en nuestra tienda online.<\/li>\n\n\n\n<li><strong>Obligaci\u00f3n legal<\/strong>: Para cumplir con las obligaciones legales en materia fiscal y contable.<\/li>\n\n\n\n<li><strong>Inter\u00e9s leg\u00edtimo<\/strong>: Para mejorar nuestros servicios y garantizar la seguridad del sitio web.<\/li>\n<\/ul>\n\n\n\n<hr class=\"wp-block-separator has-alpha-channel-opacity\"\/>\n\n\n\n<h2 class=\"wp-block-heading\" id=\"per-quant-de-temps-conservarem-les-teves-dades\">\u00bfPor cu\u00e1nto tiempo conservaremos tus datos?<\/h2>\n\n\n\n<ul class=\"wp-block-list\">\n<li><strong>Comunicaciones comerciales<\/strong>: Hasta que retire tu consentimiento.<\/li>\n\n\n\n<li><strong>Compras online<\/strong>: Durante el tiempo necesario para cumplir con las obligaciones contractuales y legales.<\/li>\n\n\n\n<li><strong>Consultas e incidencias<\/strong>: Hasta que se resuelva tu solicitud.<\/li>\n\n\n\n<li><strong>Informaci\u00f3n de navegaci\u00f3n<\/strong>: Seg\u00fan el per\u00edodo especificado en nuestra Pol\u00edtica de Cookies.<\/li>\n<\/ul>\n\n\n\n<hr class=\"wp-block-separator has-alpha-channel-opacity\"\/>\n\n\n\n<h2 class=\"wp-block-heading\" id=\"a-quins-destinataris-es-comunicaran-les-teves-dades\">\u00bfA qu\u00e9 destinatarios se comunicar\u00e1n tus datos?<\/h2>\n\n\n\n<p>En t\u00e9rminos generales, tus datos personales no ser\u00e1n comunicados a ning\u00fan tercero, salvo que:<\/p>\n\n\n\n<ul class=\"wp-block-list\">\n<li>Estemos obligados legalmente a hacerlo (ej: requerimientos administrativos o judiciales).<\/li>\n\n\n\n<li>Trabajamos con proveedores de servicios que nos ayudan en la gesti\u00f3n del sitio web o en el env\u00edo de comunicaciones (ej: <strong>MailerLite<\/strong> para gestionar las newsletters).<\/li>\n\n\n\n<li>Trabajamos con procesadores de pagos para gestionar las compras en la tienda online.<\/li>\n<\/ul>\n\n\n\n<p>En caso de transferencias internacionales de datos fuera del Espacio Econ\u00f3mico Europeo, garantizaremos que se cumplan las garant\u00edas adecuadas establecidas por el <strong>RGPD<\/strong>.<\/p>\n\n\n\n<hr class=\"wp-block-separator has-alpha-channel-opacity\"\/>\n\n\n\n<h2 class=\"wp-block-heading\" id=\"quins-son-els-teus-drets-quan-ens-facilites-les-teves-dades\">\u00bfCu\u00e1les son tus derechos cuando nos facilitas tus datos?<\/h2>\n\n\n\n<ul class=\"wp-block-list\">\n<li><strong>Derecho de acceso<\/strong>: Tienes derecho a saber qu\u00e9 datos personales tenemos de ti.<\/li>\n\n\n\n<li><strong>Derecho de rectificaci\u00f3n<\/strong>: Puedes solicitar la modificaci\u00f3n de datos incorrectos o incompletos.<\/li>\n\n\n\n<li><strong>Derecho de supresi\u00f3n<\/strong>: Tienes derecho a pedir la eliminaci\u00f3n de tus datos.<\/li>\n\n\n\n<li><strong>Derecho de oposici\u00f3n<\/strong>: Puedes oponerte al tratamiento de tus datos para fines espec\u00edficos.<\/li>\n\n\n\n<li><strong>Derecho de limitaci\u00f3n del tratamiento<\/strong>: Tienes derecho a restringir el tratamiento de tus datos en determinadas circunstancias.<\/li>\n\n\n\n<li><strong>Derecho de portabilidad<\/strong>: Puedes solicitar recibir tus datos en un formato estructurado y de uso com\u00fan.<\/li>\n\n\n\n<li><strong>Derecho a no ser objeto de decisiones individuales automatizadas<\/strong>, incluyendo la elaboraci\u00f3n de perfiles.<\/li>\n<\/ul>\n\n\n\n<p>Puedes ejercitar estos derechos enviando una solicitud a <a href=\"mailto:dades@surantdesign.com\">dades@surantdesign.com<\/a>, indicando tu nombre, apellidos y solicitud espec\u00edfica. Tambi\u00e9n tienes derecho a presentar una reclamaci\u00f3n ante el<strong>Agencia Espa\u00f1ola de Protecci\u00f3n de Datos (AEPD)<\/strong> si consideras que tus derechos han sido vulnerados.<\/p>\n\n\n\n<hr class=\"wp-block-separator has-alpha-channel-opacity\"\/>\n\n\n\n<h2 class=\"wp-block-heading\" id=\"politica-de-cookies\">Pol\u00edtica de Cookies<\/h2>\n\n\n\n<p>Este sitio web utiliza cookies para mejorar la experiencia de navegaci\u00f3n y ofrecer contenido personalizado. La informaci\u00f3n detallada sobre el uso de cookies se puede encontrar en la nuestra <strong>Pol\u00edtica de Cookies<\/strong>.<\/p>\n\n\n\n<h3 class=\"wp-block-heading\" id=\"tipus-de-cookies-utilitzades\">Tipo de Cookies Utilizadas:<\/h3>\n\n\n\n<ul class=\"wp-block-list\">\n<li><strong>Cookies de sesi\u00f3n<\/strong>: Para gestionar las preferencias del usuario durante la sesi\u00f3n.<\/li>\n\n\n\n<li><strong>Cookies de an\u00e1lisis<\/strong>: Para analizar el tr\u00e1fico del sitio web y mejorar su rendimiento.<\/li>\n\n\n\n<li><strong>Cookies de terceros<\/strong>: Utilizadas por servicios externos como <strong>Google Analytics<\/strong>, <strong>Facebook<\/strong>, <strong>Twitter<\/strong> o <strong>YouTube<\/strong>.<\/li>\n<\/ul>\n\n\n\n<p>Puedes gestionar tus preferencias de cookies a trav\u00e9s de la configuraci\u00f3n de su navegador.<\/p>\n\n\n\n<hr class=\"wp-block-separator has-alpha-channel-opacity\"\/>\n\n\n\n<h2 class=\"wp-block-heading\" id=\"modificacions-de-la-politica-de-privacitat\">Modificaciones de la Pol\u00edtica de Privacidad<\/h2>\n\n\n\n<p><strong>Surant Design<\/strong> se reserva el derecho a modificar esta Pol\u00edtica de Privacidad para adaptarla a novedades legislativas o cambios en nuestras pr\u00e1cticas comerciales. Cualquier modificaci\u00f3n ser\u00e1 publicada en esta p\u00e1gina con suficiente antelaci\u00f3n.<\/p>\n\n\n\n<ul class=\"wp-block-list\">\n<li><strong>\u00daltima actualizaci\u00f3n:<\/strong> 28\/02\/2025<\/li>\n<\/ul>\n\n\n\n<hr class=\"wp-block-separator has-alpha-channel-opacity\"\/>\n\n\n\n<h2 class=\"wp-block-heading\" id=\"acceptacio-i-consentiment\">Aceptaci\u00f3n y Consentimiento<\/h2>\n\n\n\n<p>Al utilizar este sitio web, declaras haber sido informado de las condiciones sobre protecci\u00f3n de datos personales y aceptas y consientes el tratamiento de las mismas por parte de <strong>Surant Design<\/strong> de conformidad con esta Pol\u00edtica de Privacidad.<\/p>","protected":false},"excerpt":{"rendered":"<p>POL\u00cdTICA DE PRIVACITAT I COOKIES Qu\u00e8 \u00e9s el RGPD? El Reglament General de Protecci\u00f3 de Dades (RGPD) t\u00e9 com a objectiu unificar a nivell europeu les normatives de protecci\u00f3 de dades. Aquest reglament exigeix que les empreses i administracions siguin m\u00e9s transparents respecte a les dades personals que recullen, el seu \u00fas i els drets [&hellip;]<\/p>\n","protected":false},"author":1,"featured_media":0,"parent":0,"menu_order":0,"comment_status":"closed","ping_status":"open","template":"","meta":{"_gspb_post_css":"","footnotes":""},"class_list":["post-3","page","type-page","status-publish","hentry"],"blocksy_meta":[],"_links":{"self":[{"href":"https:\/\/surantdesign.com\/es\/wp-json\/wp\/v2\/pages\/3","targetHints":{"allow":["GET"]}}],"collection":[{"href":"https:\/\/surantdesign.com\/es\/wp-json\/wp\/v2\/pages"}],"about":[{"href":"https:\/\/surantdesign.com\/es\/wp-json\/wp\/v2\/types\/page"}],"author":[{"embeddable":true,"href":"https:\/\/surantdesign.com\/es\/wp-json\/wp\/v2\/users\/1"}],"replies":[{"embeddable":true,"href":"https:\/\/surantdesign.com\/es\/wp-json\/wp\/v2\/comments?post=3"}],"version-history":[{"count":6,"href":"https:\/\/surantdesign.com\/es\/wp-json\/wp\/v2\/pages\/3\/revisions"}],"predecessor-version":[{"id":1707,"href":"https:\/\/surantdesign.com\/es\/wp-json\/wp\/v2\/pages\/3\/revisions\/1707"}],"wp:attachment":[{"href":"https:\/\/surantdesign.com\/es\/wp-json\/wp\/v2\/media?parent=3"}],"curies":[{"name":"wp","href":"https:\/\/api.w.org\/{rel}","templated":true}]}}