{"id":1420,"date":"2025-02-19T12:29:29","date_gmt":"2025-02-19T11:29:29","guid":{"rendered":"https:\/\/surantdesign.com\/?post_type=product&#038;p=1420"},"modified":"2025-04-03T12:07:58","modified_gmt":"2025-04-03T11:07:58","slug":"plegable","status":"publish","type":"product","link":"https:\/\/surantdesign.com\/es\/tienda\/plegable\/","title":{"rendered":"Pliegues"},"content":{"rendered":"<p>El dise\u00f1o de esta pieza est\u00e1 inspirado en los pliegues espont\u00e1neos de la ropa, jugando con la luz para crear una textura din\u00e1mica y cambiante.<\/p>\n<p>Su superficie ondulada, generada mediante algoritmo de crecimiento diferencial, aporta movimiento y fluidez al espacio.<\/p>\n<p>Elaborado con cer\u00e1mica impresa en 3D y una base de corcho reciclado, a\u00fana sostenibilidad y artesan\u00eda contempor\u00e1nea, aportando car\u00e1cter a cualquier espacio.<\/p>\n<p>Cada pieza est\u00e1 terminada a mano.<\/p>\n<p><strong>La pieza no es esmaltada y no es apta para contener l\u00edquidos.<\/strong><\/p>\n<p>Envio en 1-2 semanas<\/p>\n<p>Medidas:<\/p>\n<table style=\"width: 100%; border-collapse: collapse; border: 1px solid #ddd; text-align: center;\">\n<tbody>\n<tr>\n<td style=\"border: 1px solid #ddd; padding: 8px;\">Altura<\/td>\n<td style=\"border: 1px solid #ddd; padding: 8px;\"><strong>31 cm<\/strong><\/td>\n<td style=\"border: 1px solid #ddd; padding: 8px;\"><strong>17 cm<\/strong><\/td>\n<\/tr>\n<tr>\n<td style=\"border: 1px solid #ddd; padding: 8px;\">Anchura<\/td>\n<td style=\"border: 1px solid #ddd; padding: 8px;\">18 cm<\/td>\n<td style=\"border: 1px solid #ddd; padding: 8px;\">10 cm<\/td>\n<\/tr>\n<tr>\n<td style=\"border: 1px solid #ddd; padding: 8px;\">Profundidad<\/td>\n<td style=\"border: 1px solid #ddd; padding: 8px;\">10 cm<\/td>\n<td style=\"border: 1px solid #ddd; padding: 8px;\">6 cm<\/td>\n<\/tr>\n<\/tbody>\n<\/table>","protected":false},"excerpt":{"rendered":"<p>El dise\u00f1o de esta pieza est\u00e1 inspirado en los pliegues espont\u00e1neos de la ropa, jugando con la luz para crear una textura din\u00e1mica y cambiante.<\/p>\n<p>Su superficie ondulada, generada mediante algoritmo de crecimiento diferencial, aporta movimiento y fluidez al espacio.<\/p>\n<p>Elaborado con cer\u00e1mica impresa en 3D y una base de corcho reciclado, a\u00fana sostenibilidad y artesan\u00eda contempor\u00e1nea, aportando car\u00e1cter a cualquier espacio.<\/p>\n<p>Cada pieza est\u00e1 terminada a mano.<\/p>\n<p><strong>La pieza no es esmaltada y no es apta para contener l\u00edquidos.<\/strong><\/p>\n<p>Envio en 1-2 semanas<\/p>\n<p>Medidas:<\/p>\n<table style=\"width: 100%; border-collapse: collapse; border: 1px solid #ddd; text-align: center;\">\n<tbody>\n<tr>\n<td style=\"border: 1px solid #ddd; padding: 8px;\">Altura<\/td>\n<td style=\"border: 1px solid #ddd; padding: 8px;\"><strong>31 cm<\/strong><\/td>\n<td style=\"border: 1px solid #ddd; padding: 8px;\"><strong>17 cm<\/strong><\/td>\n<\/tr>\n<tr>\n<td style=\"border: 1px solid #ddd; padding: 8px;\">Anchura<\/td>\n<td style=\"border: 1px solid #ddd; padding: 8px;\">18 cm<\/td>\n<td style=\"border: 1px solid #ddd; padding: 8px;\">10 cm<\/td>\n<\/tr>\n<tr>\n<td style=\"border: 1px solid #ddd; padding: 8px;\">Profundidad<\/td>\n<td style=\"border: 1px solid #ddd; padding: 8px;\">10 cm<\/td>\n<td style=\"border: 1px solid #ddd; padding: 8px;\">6 cm<\/td>\n<\/tr>\n<\/tbody>\n<\/table>","protected":false},"featured_media":1414,"comment_status":"open","ping_status":"closed","template":"","meta":{"_gspb_post_css":""},"product_brand":[],"product_cat":[25,75,24],"product_tag":[],"class_list":{"0":"post-1420","1":"product","2":"type-product","3":"status-publish","4":"has-post-thumbnail","6":"product_cat-ceramica","7":"product_cat-gerros","8":"product_cat-impressio-3d-2","10":"first","11":"instock","12":"taxable","13":"shipping-taxable","14":"purchasable","15":"product-type-variable"},"_links":{"self":[{"href":"https:\/\/surantdesign.com\/es\/wp-json\/wp\/v2\/product\/1420","targetHints":{"allow":["GET"]}}],"collection":[{"href":"https:\/\/surantdesign.com\/es\/wp-json\/wp\/v2\/product"}],"about":[{"href":"https:\/\/surantdesign.com\/es\/wp-json\/wp\/v2\/types\/product"}],"replies":[{"embeddable":true,"href":"https:\/\/surantdesign.com\/es\/wp-json\/wp\/v2\/comments?post=1420"}],"wp:featuredmedia":[{"embeddable":true,"href":"https:\/\/surantdesign.com\/es\/wp-json\/wp\/v2\/media\/1414"}],"wp:attachment":[{"href":"https:\/\/surantdesign.com\/es\/wp-json\/wp\/v2\/media?parent=1420"}],"wp:term":[{"taxonomy":"product_brand","embeddable":true,"href":"https:\/\/surantdesign.com\/es\/wp-json\/wp\/v2\/product_brand?post=1420"},{"taxonomy":"product_cat","embeddable":true,"href":"https:\/\/surantdesign.com\/es\/wp-json\/wp\/v2\/product_cat?post=1420"},{"taxonomy":"product_tag","embeddable":true,"href":"https:\/\/surantdesign.com\/es\/wp-json\/wp\/v2\/product_tag?post=1420"}],"curies":[{"name":"wp","href":"https:\/\/api.w.org\/{rel}","templated":true}]}}