{"id":1432,"date":"2025-02-19T12:48:02","date_gmt":"2025-02-19T11:48:02","guid":{"rendered":"https:\/\/surantdesign.com\/?post_type=product&#038;p=1432"},"modified":"2025-12-19T16:33:56","modified_gmt":"2025-12-19T15:33:56","slug":"nublada","status":"publish","type":"product","link":"https:\/\/surantdesign.com\/es\/tienda\/nublada\/","title":{"rendered":"Nubosa"},"content":{"rendered":"<p class=\"western\" align=\"left\">Con formas org\u00e1nicas inspiradas en las nubes, Nubosa destaca por su fluidez y delicadeza.<\/p>\n<p class=\"western\" align=\"left\">Su superficie est\u00e1 compuesta por una multitud de peque\u00f1os lazos de cer\u00e1mica que generan un juego de luces y sombras \u00fanico.<\/p>\n<p>Elaborado con cer\u00e1mica impresa en 3D y una base de corcho reciclado, a\u00fana sostenibilidad y artesan\u00eda contempor\u00e1nea, aportando car\u00e1cter a cualquier espacio.<\/p>\n<p>Cada pieza est\u00e1 terminada a mano.<\/p>\n<p><strong>La pieza no es esmaltada y no es apta para contener l\u00edquidos.<\/strong><\/p>\n<p>Envio en 1-2 semanas<\/p>\n<p>Medidas:<\/p>\n<table style=\"width: 100%; border-collapse: collapse; border: 1px solid #ddd; text-align: center;\">\n<tbody>\n<tr>\n<td style=\"border: 1px solid #ddd; padding: 8px;\">Altura<\/td>\n<td style=\"border: 1px solid #ddd; padding: 8px;\"><strong>25 cm<\/strong><\/td>\n<td style=\"border: 1px solid #ddd; padding: 8px;\"><strong>15 cm<\/strong><\/td>\n<\/tr>\n<tr>\n<td style=\"border: 1px solid #ddd; padding: 8px;\">Anchura<\/td>\n<td style=\"border: 1px solid #ddd; padding: 8px;\">15 cm<\/td>\n<td style=\"border: 1px solid #ddd; padding: 8px;\">9 cm<\/td>\n<\/tr>\n<\/tbody>\n<\/table>","protected":false},"excerpt":{"rendered":"<p class=\"western\" align=\"left\">Con formas org\u00e1nicas inspiradas en las nubes, Nubosa destaca por su fluidez y delicadeza.<\/p>\n<p class=\"western\" align=\"left\">Su superficie est\u00e1 compuesta por una multitud de peque\u00f1os lazos de cer\u00e1mica que generan un juego de luces y sombras \u00fanico.<\/p>\n<p>Elaborado con cer\u00e1mica impresa en 3D y una base de corcho reciclado, a\u00fana sostenibilidad y artesan\u00eda contempor\u00e1nea, aportando car\u00e1cter a cualquier espacio.<\/p>\n<p>Cada pieza est\u00e1 terminada a mano.<\/p>\n<p><strong>La pieza no es esmaltada y no es apta para contener l\u00edquidos.<\/strong><\/p>\n<p>Envio en 1-2 semanas<\/p>\n<p>Medidas:<\/p>\n<table style=\"width: 100%; border-collapse: collapse; border: 1px solid #ddd; text-align: center;\">\n<tbody>\n<tr>\n<td style=\"border: 1px solid #ddd; padding: 8px;\">Altura<\/td>\n<td style=\"border: 1px solid #ddd; padding: 8px;\"><strong>25 cm<\/strong><\/td>\n<td style=\"border: 1px solid #ddd; padding: 8px;\"><strong>15 cm<\/strong><\/td>\n<\/tr>\n<tr>\n<td style=\"border: 1px solid #ddd; padding: 8px;\">Anchura<\/td>\n<td style=\"border: 1px solid #ddd; padding: 8px;\">15 cm<\/td>\n<td style=\"border: 1px solid #ddd; padding: 8px;\">9 cm<\/td>\n<\/tr>\n<\/tbody>\n<\/table>","protected":false},"featured_media":1413,"comment_status":"open","ping_status":"closed","template":"","meta":{"_gspb_post_css":""},"product_brand":[],"product_cat":[25,75,24],"product_tag":[],"class_list":{"0":"post-1432","1":"product","2":"type-product","3":"status-publish","4":"has-post-thumbnail","6":"product_cat-ceramica","7":"product_cat-gerros","8":"product_cat-impressio-3d-2","10":"first","11":"instock","12":"taxable","13":"shipping-taxable","14":"purchasable","15":"product-type-variable"},"_links":{"self":[{"href":"https:\/\/surantdesign.com\/es\/wp-json\/wp\/v2\/product\/1432","targetHints":{"allow":["GET"]}}],"collection":[{"href":"https:\/\/surantdesign.com\/es\/wp-json\/wp\/v2\/product"}],"about":[{"href":"https:\/\/surantdesign.com\/es\/wp-json\/wp\/v2\/types\/product"}],"replies":[{"embeddable":true,"href":"https:\/\/surantdesign.com\/es\/wp-json\/wp\/v2\/comments?post=1432"}],"wp:featuredmedia":[{"embeddable":true,"href":"https:\/\/surantdesign.com\/es\/wp-json\/wp\/v2\/media\/1413"}],"wp:attachment":[{"href":"https:\/\/surantdesign.com\/es\/wp-json\/wp\/v2\/media?parent=1432"}],"wp:term":[{"taxonomy":"product_brand","embeddable":true,"href":"https:\/\/surantdesign.com\/es\/wp-json\/wp\/v2\/product_brand?post=1432"},{"taxonomy":"product_cat","embeddable":true,"href":"https:\/\/surantdesign.com\/es\/wp-json\/wp\/v2\/product_cat?post=1432"},{"taxonomy":"product_tag","embeddable":true,"href":"https:\/\/surantdesign.com\/es\/wp-json\/wp\/v2\/product_tag?post=1432"}],"curies":[{"name":"wp","href":"https:\/\/api.w.org\/{rel}","templated":true}]}}