{"id":288,"date":"2025-02-09T10:08:45","date_gmt":"2025-02-09T09:08:45","guid":{"rendered":"https:\/\/surantdesign.com\/?post_type=product&#038;p=288"},"modified":"2025-03-25T13:08:42","modified_gmt":"2025-03-25T12:08:42","slug":"pop","status":"publish","type":"product","link":"https:\/\/surantdesign.com\/es\/tienda\/pop\/","title":{"rendered":"Pop"},"content":{"rendered":"<p>Los tent\u00e1culos de un pulpo toman forma en este jarr\u00f3n de l\u00edneas sinuosas. Los espirales se desarrollan desde la base hasta la apertura, mientras peque\u00f1as protuberancias recorren la superficie evocando las ventosas de este animal marino.<\/p>\n<p>Una pieza singular que juega con la textura y volumen para crear una presencia \u00fanica.<\/p>\n<p>Elaborado con cer\u00e1mica impresa en 3D y una base de corcho reciclado, a\u00fana sostenibilidad y artesan\u00eda contempor\u00e1nea, aportando car\u00e1cter a cualquier espacio.<\/p>\n<p>Cada pieza est\u00e1 terminada a mano.<\/p>\n<p><strong>La pieza no es esmaltada y no es apta para contener l\u00edquidos.<\/strong><\/p>\n<p>Envio en 1-2 semanas<\/p>\n<p>Medidas:<\/p>\n<table style=\"width: 100%; border-collapse: collapse; border: 1px solid #ddd; text-align: center;\">\n<tbody>\n<tr>\n<td style=\"border: 1px solid #ddd; padding: 8px;\">Altura<\/td>\n<td style=\"border: 1px solid #ddd; padding: 8px;\"><strong>30 cm<\/strong><\/td>\n<td style=\"border: 1px solid #ddd; padding: 8px;\"><strong>16 cm<\/strong><\/td>\n<\/tr>\n<tr>\n<td style=\"border: 1px solid #ddd; padding: 8px;\">Di\u00e1metro<\/td>\n<td style=\"border: 1px solid #ddd; padding: 8px;\">18 cm<\/td>\n<td style=\"border: 1px solid #ddd; padding: 8px;\">10 cm<\/td>\n<\/tr>\n<\/tbody>\n<\/table>","protected":false},"excerpt":{"rendered":"<p>Los tent\u00e1culos de un pulpo toman forma en este jarr\u00f3n de l\u00edneas sinuosas. Los espirales se desarrollan desde la base hasta la apertura, mientras peque\u00f1as protuberancias recorren la superficie evocando las ventosas de este animal marino.<\/p>\n<p>Una pieza singular que juega con la textura y volumen para crear una presencia \u00fanica.<\/p>\n<p>Elaborado con cer\u00e1mica impresa en 3D y una base de corcho reciclado, a\u00fana sostenibilidad y artesan\u00eda contempor\u00e1nea, aportando car\u00e1cter a cualquier espacio.<\/p>\n<p>Cada pieza est\u00e1 terminada a mano.<\/p>\n<p><strong>La pieza no es esmaltada y no es apta para contener l\u00edquidos.<\/strong><\/p>\n<p>Envio en 1-2 semanas<\/p>\n<p>Medidas:<\/p>\n<table style=\"width: 100%; border-collapse: collapse; border: 1px solid #ddd; text-align: center;\">\n<tbody>\n<tr>\n<td style=\"border: 1px solid #ddd; padding: 8px;\">Altura<\/td>\n<td style=\"border: 1px solid #ddd; padding: 8px;\"><strong>30 cm<\/strong><\/td>\n<td style=\"border: 1px solid #ddd; padding: 8px;\"><strong>16 cm<\/strong><\/td>\n<\/tr>\n<tr>\n<td style=\"border: 1px solid #ddd; padding: 8px;\">Di\u00e1metro<\/td>\n<td style=\"border: 1px solid #ddd; padding: 8px;\">18 cm<\/td>\n<td style=\"border: 1px solid #ddd; padding: 8px;\">10 cm<\/td>\n<\/tr>\n<\/tbody>\n<\/table>","protected":false},"featured_media":1416,"comment_status":"open","ping_status":"closed","template":"","meta":{"_gspb_post_css":""},"product_brand":[],"product_cat":[25,75,24],"product_tag":[],"class_list":{"0":"post-288","1":"product","2":"type-product","3":"status-publish","4":"has-post-thumbnail","6":"product_cat-ceramica","7":"product_cat-gerros","8":"product_cat-impressio-3d-2","10":"first","11":"instock","12":"taxable","13":"shipping-taxable","14":"purchasable","15":"product-type-variable"},"_links":{"self":[{"href":"https:\/\/surantdesign.com\/es\/wp-json\/wp\/v2\/product\/288","targetHints":{"allow":["GET"]}}],"collection":[{"href":"https:\/\/surantdesign.com\/es\/wp-json\/wp\/v2\/product"}],"about":[{"href":"https:\/\/surantdesign.com\/es\/wp-json\/wp\/v2\/types\/product"}],"replies":[{"embeddable":true,"href":"https:\/\/surantdesign.com\/es\/wp-json\/wp\/v2\/comments?post=288"}],"wp:featuredmedia":[{"embeddable":true,"href":"https:\/\/surantdesign.com\/es\/wp-json\/wp\/v2\/media\/1416"}],"wp:attachment":[{"href":"https:\/\/surantdesign.com\/es\/wp-json\/wp\/v2\/media?parent=288"}],"wp:term":[{"taxonomy":"product_brand","embeddable":true,"href":"https:\/\/surantdesign.com\/es\/wp-json\/wp\/v2\/product_brand?post=288"},{"taxonomy":"product_cat","embeddable":true,"href":"https:\/\/surantdesign.com\/es\/wp-json\/wp\/v2\/product_cat?post=288"},{"taxonomy":"product_tag","embeddable":true,"href":"https:\/\/surantdesign.com\/es\/wp-json\/wp\/v2\/product_tag?post=288"}],"curies":[{"name":"wp","href":"https:\/\/api.w.org\/{rel}","templated":true}]}}