{"id":938,"date":"2024-04-01T11:43:42","date_gmt":"2024-04-01T11:43:42","guid":{"rendered":"https:\/\/startersites.io\/blocksy\/pottery\/cart\/"},"modified":"2025-03-25T16:09:10","modified_gmt":"2025-03-25T15:09:10","slug":"panier","status":"publish","type":"page","link":"https:\/\/surantdesign.com\/fr\/panier\/","title":{"rendered":"Panier"},"content":{"rendered":"<div class=\"wp-block-greenshift-blocks-row gspb_row gspb_row-id-gsbp-294b35c\" id=\"gspb_row-id-gsbp-294b35c\"><div class=\"gspb_row__content\"> \n<div class=\"wp-block-greenshift-blocks-row-column gspb_row__col--12 gspb_col-id-gsbp-9659814\" id=\"gspb_col-id-gsbp-9659814\">\n<div data-block-name=\"woocommerce\/cart\" class=\"wp-block-woocommerce-cart alignwide is-loading\">\n<div data-block-name=\"woocommerce\/filled-cart-block\" class=\"wp-block-woocommerce-filled-cart-block\">\n<div data-block-name=\"woocommerce\/cart-items-block\" class=\"wp-block-woocommerce-cart-items-block\">\n<div data-block-name=\"woocommerce\/cart-line-items-block\" class=\"wp-block-woocommerce-cart-line-items-block\"><\/div>\n\n\n\n<div data-block-name=\"woocommerce\/cart-cross-sells-block\" class=\"wp-block-woocommerce-cart-cross-sells-block\">\n<h2 class=\"wp-block-heading has-large-font-size\" id=\"us-pot-interessar\">Vous pourriez \u00eatre int\u00e9ress\u00e9 par\u2026<\/h2>\n\n\n\n<div data-block-name=\"woocommerce\/cart-cross-sells-products-block\" class=\"wp-block-woocommerce-cart-cross-sells-products-block\"><\/div>\n<\/div>\n<\/div>\n\n\n\n<div data-block-name=\"woocommerce\/cart-totals-block\" class=\"wp-block-woocommerce-cart-totals-block\">\n<div data-block-name=\"woocommerce\/cart-order-summary-block\" class=\"wp-block-woocommerce-cart-order-summary-block\">\n<div data-block-name=\"woocommerce\/cart-order-summary-heading-block\" data-content=\"Total de la cistella\" class=\"wp-block-woocommerce-cart-order-summary-heading-block\"><\/div>\n\n\n\n<div data-block-name=\"woocommerce\/cart-order-summary-coupon-form-block\" class=\"wp-block-woocommerce-cart-order-summary-coupon-form-block\"><\/div>\n\n\n\n<div data-block-name=\"woocommerce\/cart-order-summary-totals-block\" class=\"wp-block-woocommerce-cart-order-summary-totals-block\">\n<div data-block-name=\"woocommerce\/cart-order-summary-subtotal-block\" class=\"wp-block-woocommerce-cart-order-summary-subtotal-block\"><\/div>\n\n\n\n<div data-block-name=\"woocommerce\/cart-order-summary-fee-block\" class=\"wp-block-woocommerce-cart-order-summary-fee-block\"><\/div>\n\n\n\n<div data-block-name=\"woocommerce\/cart-order-summary-discount-block\" class=\"wp-block-woocommerce-cart-order-summary-discount-block\"><\/div>\n\n\n\n<div data-block-name=\"woocommerce\/cart-order-summary-shipping-block\" class=\"wp-block-woocommerce-cart-order-summary-shipping-block\"><\/div>\n\n\n\n<div data-block-name=\"woocommerce\/cart-order-summary-taxes-block\" class=\"wp-block-woocommerce-cart-order-summary-taxes-block\"><\/div>\n<\/div>\n<\/div>\n\n\n\n\n\n<div data-block-name=\"woocommerce\/cart-express-payment-block\" data-button-border-radius=\"10\" data-show-button-styles=\"true\" class=\"wp-block-woocommerce-cart-express-payment-block\"><\/div>\n\n\n\n<div data-block-name=\"woocommerce\/proceed-to-checkout-block\" class=\"wp-block-woocommerce-proceed-to-checkout-block\"><\/div>\n\n\n\n<div data-block-name=\"woocommerce\/cart-accepted-payment-methods-block\" class=\"wp-block-woocommerce-cart-accepted-payment-methods-block\"><\/div>\n<\/div>\n<\/div>\n\n\n\n<div data-block-name=\"woocommerce\/empty-cart-block\" class=\"wp-block-woocommerce-empty-cart-block\">\n<h2 class=\"wp-block-heading has-text-align-center with-empty-cart-icon wc-block-cart__empty-cart__title\" id=\"la-cistella-esta-buida-actualment\">Le panier est actuellement vide !<\/h2>\n\n\n\n<p class=\"has-text-align-center\"><a href=\"https:\/\/surantdesign.com\/fr\/boutique\/\">Parcourir la boutique<\/a><\/p>\n\n\n\n<hr class=\"wp-block-separator has-alpha-channel-opacity is-style-dots\"\/>\n\n\n\n<h2 class=\"wp-block-heading has-text-align-center\" id=\"nou-a-la-botiga\">Nouveau en magasin<\/h2>\n\n\n<div data-block-name=\"woocommerce\/product-new\" data-columns=\"4\" data-rows=\"1\" class=\"wc-block-grid wp-block-product-new wp-block-woocommerce-product-new wc-block-product-new has-4-columns\"><ul class=\"wc-block-grid__products\"><li class=\"wc-block-grid__product\">\n\t\t\t\t<a href=\"https:\/\/surantdesign.com\/fr\/boutique\/nuageux\/\" class=\"wc-block-grid__product-link\">\n\t\t\t\t\t\n\t\t\t\t\t<div class=\"wc-block-grid__product-image\"><img loading=\"lazy\" decoding=\"async\" width=\"300\" height=\"300\" src=\"https:\/\/surantdesign.com\/wp-content\/uploads\/2025\/02\/Nuvolosa-blanca-gran-300x300.jpg\" class=\"attachment-woocommerce_thumbnail size-woocommerce_thumbnail\" alt=\"Nuageux\" srcset=\"https:\/\/surantdesign.com\/wp-content\/uploads\/2025\/02\/Nuvolosa-blanca-gran-300x300.jpg 300w, https:\/\/surantdesign.com\/wp-content\/uploads\/2025\/02\/Nuvolosa-blanca-gran-400x400.jpg 400w, https:\/\/surantdesign.com\/wp-content\/uploads\/2025\/02\/Nuvolosa-blanca-gran-150x150.jpg 150w\" sizes=\"auto, (max-width: 300px) 100vw, 300px\" \/><\/div>\n\t\t\t\t\t<div class=\"wc-block-grid__product-title\">Nuageux<\/div>\n\t\t\t\t<\/a>\n\t\t\t\t<div class=\"wc-block-grid__product-price price\"><span class=\"woocommerce-Price-amount amount\" aria-hidden=\"true\">85<span class=\"woocommerce-Price-currencySymbol\">&euro;<\/span><\/span> <span aria-hidden=\"true\">\u00a0\u2013\u00a0<\/span> <span class=\"woocommerce-Price-amount amount\" aria-hidden=\"true\">200<span class=\"woocommerce-Price-currencySymbol\">&euro;<\/span><\/span><span class=\"screen-reader-text\" data-no-translation=\"\" data-trp-gettext=\"\">Plage de prix\u00a0: 85&euro; \u00e0 200&euro;<\/span><\/div>\n\t\t\t\t\n\t\t\t\t<div class=\"wp-block-button wc-block-grid__product-add-to-cart\"><a href=\"https:\/\/surantdesign.com\/fr\/boutique\/nuageux\/\" aria-label=\"S\u00e9lectionner les options pour &quot;Nuvolosa&quot;\" data-quantity=\"1\" data-product_id=\"1432\" data-product_sku=\"\" data-price=\"85\" rel=\"nofollow\" class=\"wp-block-button__link  add_to_cart_button\" data-no-translation=\"\" data-trp-gettext=\"\" data-no-translation-aria-label=\"\">S\u00e9lectionner les options<\/a><\/div>\n\t\t\t<\/li><li class=\"wc-block-grid__product\">\n\t\t\t\t<a href=\"https:\/\/surantdesign.com\/fr\/boutique\/pliage\/\" class=\"wc-block-grid__product-link\">\n\t\t\t\t\t\n\t\t\t\t\t<div class=\"wc-block-grid__product-image\"><img loading=\"lazy\" decoding=\"async\" width=\"300\" height=\"300\" src=\"https:\/\/surantdesign.com\/wp-content\/uploads\/2025\/02\/Plecs-blanc-gran-300x300.jpg\" class=\"attachment-woocommerce_thumbnail size-woocommerce_thumbnail\" alt=\"Plis\" srcset=\"https:\/\/surantdesign.com\/wp-content\/uploads\/2025\/02\/Plecs-blanc-gran-300x300.jpg 300w, https:\/\/surantdesign.com\/wp-content\/uploads\/2025\/02\/Plecs-blanc-gran-400x400.jpg 400w, https:\/\/surantdesign.com\/wp-content\/uploads\/2025\/02\/Plecs-blanc-gran-150x150.jpg 150w\" sizes=\"auto, (max-width: 300px) 100vw, 300px\" \/><\/div>\n\t\t\t\t\t<div class=\"wc-block-grid__product-title\">Plis<\/div>\n\t\t\t\t<\/a>\n\t\t\t\t<div class=\"wc-block-grid__product-price price\"><span class=\"woocommerce-Price-amount amount\" aria-hidden=\"true\">75<span class=\"woocommerce-Price-currencySymbol\">&euro;<\/span><\/span> <span aria-hidden=\"true\">\u00a0\u2013\u00a0<\/span> <span class=\"woocommerce-Price-amount amount\" aria-hidden=\"true\">200<span class=\"woocommerce-Price-currencySymbol\">&euro;<\/span><\/span><span class=\"screen-reader-text\" data-no-translation=\"\" data-trp-gettext=\"\">Plage de prix\u00a0: 75&euro; \u00e0 200&euro;<\/span><\/div>\n\t\t\t\t<div class=\"wc-block-grid__product-rating\"><div class=\"star-rating\" role=\"img\" aria-label=\"Note 5.00 sur 5\" data-no-translation-aria-label=\"\"><span style=\"width:100%\" data-no-translation=\"\" data-trp-gettext=\"\">Not\u00e9 <strong class=\"rating\">5.00<\/strong> sur 5 bas\u00e9 sur <span class=\"rating\">1<\/span> notation client<\/span><\/div><\/div>\n\t\t\t\t<div class=\"wp-block-button wc-block-grid__product-add-to-cart\"><a href=\"https:\/\/surantdesign.com\/fr\/boutique\/pliage\/\" aria-label=\"S\u00e9lectionner les options pour &quot;Plecs&quot;\" data-quantity=\"1\" data-product_id=\"1420\" data-product_sku=\"\" data-price=\"75\" rel=\"nofollow\" class=\"wp-block-button__link  add_to_cart_button\" data-no-translation=\"\" data-trp-gettext=\"\" data-no-translation-aria-label=\"\">S\u00e9lectionner les options<\/a><\/div>\n\t\t\t<\/li><li class=\"wc-block-grid__product\">\n\t\t\t\t<a href=\"https:\/\/surantdesign.com\/fr\/boutique\/tresse-rectangulaire\/\" class=\"wc-block-grid__product-link\">\n\t\t\t\t\t\n\t\t\t\t\t<div class=\"wc-block-grid__product-image\"><img loading=\"lazy\" decoding=\"async\" width=\"300\" height=\"300\" src=\"https:\/\/surantdesign.com\/wp-content\/uploads\/2025\/02\/Entrellacat-terracotta-rectangular-300x300.jpg\" class=\"attachment-woocommerce_thumbnail size-woocommerce_thumbnail\" alt=\"Entrelacs rectangulaires\" srcset=\"https:\/\/surantdesign.com\/wp-content\/uploads\/2025\/02\/Entrellacat-terracotta-rectangular-300x300.jpg 300w, https:\/\/surantdesign.com\/wp-content\/uploads\/2025\/02\/Entrellacat-terracotta-rectangular-400x400.jpg 400w, https:\/\/surantdesign.com\/wp-content\/uploads\/2025\/02\/Entrellacat-terracotta-rectangular-150x150.jpg 150w\" sizes=\"auto, (max-width: 300px) 100vw, 300px\" \/><\/div>\n\t\t\t\t\t<div class=\"wc-block-grid__product-title\">Entrelacs rectangulaires<\/div>\n\t\t\t\t<\/a>\n\t\t\t\t<div class=\"wc-block-grid__product-price price\"><span class=\"woocommerce-Price-amount amount\">100<span class=\"woocommerce-Price-currencySymbol\">\u20ac<\/span><\/span><\/div>\n\t\t\t\t\n\t\t\t\t<div class=\"wp-block-button wc-block-grid__product-add-to-cart\"><a href=\"https:\/\/surantdesign.com\/fr\/boutique\/tresse-rectangulaire\/\" aria-label=\"S\u00e9lectionner les options pour &quot;Entrella\u00e7at rectangular&quot;\" data-quantity=\"1\" data-product_id=\"1407\" data-product_sku=\"\" data-price=\"100\" rel=\"nofollow\" class=\"wp-block-button__link  add_to_cart_button\" data-no-translation=\"\" data-trp-gettext=\"\" data-no-translation-aria-label=\"\">S\u00e9lectionner les options<\/a><\/div>\n\t\t\t<\/li><li class=\"wc-block-grid__product\">\n\t\t\t\t<a href=\"https:\/\/surantdesign.com\/fr\/boutique\/pop\/\" class=\"wc-block-grid__product-link\">\n\t\t\t\t\t\n\t\t\t\t\t<div class=\"wc-block-grid__product-image\"><img loading=\"lazy\" decoding=\"async\" width=\"300\" height=\"300\" src=\"https:\/\/surantdesign.com\/wp-content\/uploads\/2025\/02\/Pop-negre-gran-300x300.jpg\" class=\"attachment-woocommerce_thumbnail size-woocommerce_thumbnail\" alt=\"Pieuvre\" srcset=\"https:\/\/surantdesign.com\/wp-content\/uploads\/2025\/02\/Pop-negre-gran-300x300.jpg 300w, https:\/\/surantdesign.com\/wp-content\/uploads\/2025\/02\/Pop-negre-gran-400x400.jpg 400w, https:\/\/surantdesign.com\/wp-content\/uploads\/2025\/02\/Pop-negre-gran-150x150.jpg 150w\" sizes=\"auto, (max-width: 300px) 100vw, 300px\" \/><\/div>\n\t\t\t\t\t<div class=\"wc-block-grid__product-title\">Pieuvre<\/div>\n\t\t\t\t<\/a>\n\t\t\t\t<div class=\"wc-block-grid__product-price price\"><span class=\"woocommerce-Price-amount amount\" aria-hidden=\"true\">85<span class=\"woocommerce-Price-currencySymbol\">&euro;<\/span><\/span> <span aria-hidden=\"true\">\u00a0\u2013\u00a0<\/span> <span class=\"woocommerce-Price-amount amount\" aria-hidden=\"true\">200<span class=\"woocommerce-Price-currencySymbol\">&euro;<\/span><\/span><span class=\"screen-reader-text\" data-no-translation=\"\" data-trp-gettext=\"\">Plage de prix\u00a0: 85&euro; \u00e0 200&euro;<\/span><\/div>\n\t\t\t\t\n\t\t\t\t<div class=\"wp-block-button wc-block-grid__product-add-to-cart\"><a href=\"https:\/\/surantdesign.com\/fr\/boutique\/pop\/\" aria-label=\"S\u00e9lectionner les options pour &quot;Pop&quot;\" data-quantity=\"1\" data-product_id=\"288\" data-product_sku=\"\" data-price=\"85\" rel=\"nofollow\" class=\"wp-block-button__link  add_to_cart_button\" data-no-translation=\"\" data-trp-gettext=\"\" data-no-translation-aria-label=\"\">S\u00e9lectionner les options<\/a><\/div>\n\t\t\t<\/li><\/ul><\/div><\/div>\n<\/div>\n<\/div>\n <\/div><\/div>","protected":false},"excerpt":{"rendered":"","protected":false},"author":1,"featured_media":0,"parent":0,"menu_order":0,"comment_status":"closed","ping_status":"closed","template":"","meta":{"_gspb_post_css":"#gspb_row-id-gsbp-294b35c{justify-content:space-between;margin-bottom:0;display:flex;flex-wrap:wrap;margin-top:80px;background-color:var(u002du002dwpu002du002dpresetu002du002dcoloru002du002dpalette-color-7, var(u002du002dtheme-palette-color-7, #FAFAFA))}#gspb_row-id-gsbp-294b35c>.gspb_row__content{display:flex;justify-content:space-between;margin:0 auto;width:100%;flex-wrap:wrap}.gspb_row{position:relative}div[id^=gspb_col-id]{box-sizing:border-box;position:relative;padding:var(--gs-row-column-padding, 15px min(3vw, 20px))}body.gspb-bodyfront #gspb_row-id-gsbp-294b35c>.gspb_row__content{width:var(--theme-container-width, 1200px);max-width:var(--theme-normal-container-max-width, 1200px)}#gspb_col-id-gsbp-9659814.gspb_row__col--12>.gspb_backgroundOverlay,#gspb_row-id-gsbp-294b35c,#gspb_row-id-gsbp-294b35c>.gspb_backgroundOverlay{border-top-left-radius:10px;border-top-right-radius:10px;border-bottom-right-radius:10px;border-bottom-left-radius:10px}#gspb_col-id-gsbp-9659814.gspb_row__col--12{width:100%}@media (max-width:575.98px){#gspb_col-id-gsbp-9659814.gspb_row__col--12{width:100%}}#gspb_col-id-gsbp-9659814.gspb_row__col--12{background-color:var(--wp--preset--color--palette-color-7, var(--theme-palette-color-7, #FAFAFA));border-top-left-radius:10px;border-top-right-radius:10px;border-bottom-right-radius:10px;border-bottom-left-radius:10px}","footnotes":""},"class_list":["post-938","page","type-page","status-publish","hentry"],"blocksy_meta":[],"_links":{"self":[{"href":"https:\/\/surantdesign.com\/fr\/wp-json\/wp\/v2\/pages\/938","targetHints":{"allow":["GET"]}}],"collection":[{"href":"https:\/\/surantdesign.com\/fr\/wp-json\/wp\/v2\/pages"}],"about":[{"href":"https:\/\/surantdesign.com\/fr\/wp-json\/wp\/v2\/types\/page"}],"author":[{"embeddable":true,"href":"https:\/\/surantdesign.com\/fr\/wp-json\/wp\/v2\/users\/1"}],"replies":[{"embeddable":true,"href":"https:\/\/surantdesign.com\/fr\/wp-json\/wp\/v2\/comments?post=938"}],"version-history":[{"count":10,"href":"https:\/\/surantdesign.com\/fr\/wp-json\/wp\/v2\/pages\/938\/revisions"}],"predecessor-version":[{"id":1693,"href":"https:\/\/surantdesign.com\/fr\/wp-json\/wp\/v2\/pages\/938\/revisions\/1693"}],"wp:attachment":[{"href":"https:\/\/surantdesign.com\/fr\/wp-json\/wp\/v2\/media?parent=938"}],"curies":[{"name":"wp","href":"https:\/\/api.w.org\/{rel}","templated":true}]}}