{"id":1420,"date":"2025-02-19T12:29:29","date_gmt":"2025-02-19T11:29:29","guid":{"rendered":"https:\/\/surantdesign.com\/?post_type=product&#038;p=1420"},"modified":"2025-04-03T12:07:58","modified_gmt":"2025-04-03T11:07:58","slug":"pliage","status":"publish","type":"product","link":"https:\/\/surantdesign.com\/fr\/boutique\/pliage\/","title":{"rendered":"Plis"},"content":{"rendered":"<p>Le design de cette pi\u00e8ce s'inspire des plis spontan\u00e9s des v\u00eatements, jouant avec la lumi\u00e8re pour cr\u00e9er une texture dynamique et changeante.<\/p>\n<p>Sa surface ondul\u00e9e, g\u00e9n\u00e9r\u00e9e gr\u00e2ce \u00e0 un algorithme de croissance diff\u00e9rentielle, apporte mouvement et fluidit\u00e9 \u00e0 l'espace.<\/p>\n<p>Fabriqu\u00e9 avec de la c\u00e9ramique imprim\u00e9e en 3D et une base en li\u00e8ge recycl\u00e9, il allie durabilit\u00e9 et artisanat contemporain, ajoutant du caract\u00e8re \u00e0 n&#039;importe quel espace.<\/p>\n<p>Chaque pi\u00e8ce est finie \u00e0 la main.<\/p>\n<p><strong>La pi\u00e8ce n&#039;est pas \u00e9maill\u00e9e et ne convient pas pour contenir des liquides.<\/strong><\/p>\n<p>Exp\u00e9dition dans 1-2 semaines<\/p>\n<p>Mesures:<\/p>\n<table style=\"width: 100%; border-collapse: collapse; border: 1px solid #ddd; text-align: center;\">\n<tbody>\n<tr>\n<td style=\"border: 1px solid #ddd; padding: 8px;\">Hauteur<\/td>\n<td style=\"border: 1px solid #ddd; padding: 8px;\"><strong>31 cm<\/strong><\/td>\n<td style=\"border: 1px solid #ddd; padding: 8px;\"><strong>17 cm<\/strong><\/td>\n<\/tr>\n<tr>\n<td style=\"border: 1px solid #ddd; padding: 8px;\">Largeur<\/td>\n<td style=\"border: 1px solid #ddd; padding: 8px;\">18 cm<\/td>\n<td style=\"border: 1px solid #ddd; padding: 8px;\">10 cm<\/td>\n<\/tr>\n<tr>\n<td style=\"border: 1px solid #ddd; padding: 8px;\">Profondeur<\/td>\n<td style=\"border: 1px solid #ddd; padding: 8px;\">10 cm<\/td>\n<td style=\"border: 1px solid #ddd; padding: 8px;\">6 cm<\/td>\n<\/tr>\n<\/tbody>\n<\/table>","protected":false},"excerpt":{"rendered":"<p>Le design de cette pi\u00e8ce s'inspire des plis spontan\u00e9s des v\u00eatements, jouant avec la lumi\u00e8re pour cr\u00e9er une texture dynamique et changeante.<\/p>\n<p>Sa surface ondul\u00e9e, g\u00e9n\u00e9r\u00e9e gr\u00e2ce \u00e0 un algorithme de croissance diff\u00e9rentielle, apporte mouvement et fluidit\u00e9 \u00e0 l'espace.<\/p>\n<p>Fabriqu\u00e9 avec de la c\u00e9ramique imprim\u00e9e en 3D et une base en li\u00e8ge recycl\u00e9, il allie durabilit\u00e9 et artisanat contemporain, ajoutant du caract\u00e8re \u00e0 n&#039;importe quel espace.<\/p>\n<p>Chaque pi\u00e8ce est finie \u00e0 la main.<\/p>\n<p><strong>La pi\u00e8ce n&#039;est pas \u00e9maill\u00e9e et ne convient pas pour contenir des liquides.<\/strong><\/p>\n<p>Exp\u00e9dition dans 1-2 semaines<\/p>\n<p>Mesures:<\/p>\n<table style=\"width: 100%; border-collapse: collapse; border: 1px solid #ddd; text-align: center;\">\n<tbody>\n<tr>\n<td style=\"border: 1px solid #ddd; padding: 8px;\">Hauteur<\/td>\n<td style=\"border: 1px solid #ddd; padding: 8px;\"><strong>31 cm<\/strong><\/td>\n<td style=\"border: 1px solid #ddd; padding: 8px;\"><strong>17 cm<\/strong><\/td>\n<\/tr>\n<tr>\n<td style=\"border: 1px solid #ddd; padding: 8px;\">Largeur<\/td>\n<td style=\"border: 1px solid #ddd; padding: 8px;\">18 cm<\/td>\n<td style=\"border: 1px solid #ddd; padding: 8px;\">10 cm<\/td>\n<\/tr>\n<tr>\n<td style=\"border: 1px solid #ddd; padding: 8px;\">Profondeur<\/td>\n<td style=\"border: 1px solid #ddd; padding: 8px;\">10 cm<\/td>\n<td style=\"border: 1px solid #ddd; padding: 8px;\">6 cm<\/td>\n<\/tr>\n<\/tbody>\n<\/table>","protected":false},"featured_media":1414,"comment_status":"open","ping_status":"closed","template":"","meta":{"_gspb_post_css":""},"product_brand":[],"product_cat":[25,75,24],"product_tag":[],"class_list":{"0":"post-1420","1":"product","2":"type-product","3":"status-publish","4":"has-post-thumbnail","6":"product_cat-ceramica","7":"product_cat-gerros","8":"product_cat-impressio-3d-2","10":"first","11":"instock","12":"taxable","13":"shipping-taxable","14":"purchasable","15":"product-type-variable"},"_links":{"self":[{"href":"https:\/\/surantdesign.com\/fr\/wp-json\/wp\/v2\/product\/1420","targetHints":{"allow":["GET"]}}],"collection":[{"href":"https:\/\/surantdesign.com\/fr\/wp-json\/wp\/v2\/product"}],"about":[{"href":"https:\/\/surantdesign.com\/fr\/wp-json\/wp\/v2\/types\/product"}],"replies":[{"embeddable":true,"href":"https:\/\/surantdesign.com\/fr\/wp-json\/wp\/v2\/comments?post=1420"}],"wp:featuredmedia":[{"embeddable":true,"href":"https:\/\/surantdesign.com\/fr\/wp-json\/wp\/v2\/media\/1414"}],"wp:attachment":[{"href":"https:\/\/surantdesign.com\/fr\/wp-json\/wp\/v2\/media?parent=1420"}],"wp:term":[{"taxonomy":"product_brand","embeddable":true,"href":"https:\/\/surantdesign.com\/fr\/wp-json\/wp\/v2\/product_brand?post=1420"},{"taxonomy":"product_cat","embeddable":true,"href":"https:\/\/surantdesign.com\/fr\/wp-json\/wp\/v2\/product_cat?post=1420"},{"taxonomy":"product_tag","embeddable":true,"href":"https:\/\/surantdesign.com\/fr\/wp-json\/wp\/v2\/product_tag?post=1420"}],"curies":[{"name":"wp","href":"https:\/\/api.w.org\/{rel}","templated":true}]}}