{"id":1432,"date":"2025-02-19T12:48:02","date_gmt":"2025-02-19T11:48:02","guid":{"rendered":"https:\/\/surantdesign.com\/?post_type=product&#038;p=1432"},"modified":"2025-12-19T16:33:56","modified_gmt":"2025-12-19T15:33:56","slug":"nuageux","status":"publish","type":"product","link":"https:\/\/surantdesign.com\/fr\/boutique\/nuageux\/","title":{"rendered":"Nuageux"},"content":{"rendered":"<p class=\"western\" align=\"left\">Avec des formes organiques inspir\u00e9es des nuages, Nuageux se d\u00e9marque par sa fluidit\u00e9 et sa d\u00e9licatesse.<\/p>\n<p class=\"western\" align=\"left\">Sa surface est compos\u00e9e d'une multitude de petites boucles en c\u00e9ramique qui g\u00e9n\u00e8rent un jeu unique d'ombre et de lumi\u00e8re.<\/p>\n<p>Fabriqu\u00e9 avec de la c\u00e9ramique imprim\u00e9e en 3D et une base en li\u00e8ge recycl\u00e9, il allie durabilit\u00e9 et artisanat contemporain, ajoutant du caract\u00e8re \u00e0 n&#039;importe quel espace.<\/p>\n<p>Chaque pi\u00e8ce est finie \u00e0 la main.<\/p>\n<p><strong>La pi\u00e8ce n&#039;est pas \u00e9maill\u00e9e et ne convient pas pour contenir des liquides.<\/strong><\/p>\n<p>Exp\u00e9dition dans 1-2 semaines<\/p>\n<p>Mesures:<\/p>\n<table style=\"width: 100%; border-collapse: collapse; border: 1px solid #ddd; text-align: center;\">\n<tbody>\n<tr>\n<td style=\"border: 1px solid #ddd; padding: 8px;\">Hauteur<\/td>\n<td style=\"border: 1px solid #ddd; padding: 8px;\"><strong>25 cm<\/strong><\/td>\n<td style=\"border: 1px solid #ddd; padding: 8px;\"><strong>15 cm<\/strong><\/td>\n<\/tr>\n<tr>\n<td style=\"border: 1px solid #ddd; padding: 8px;\">Largeur<\/td>\n<td style=\"border: 1px solid #ddd; padding: 8px;\">15 cm<\/td>\n<td style=\"border: 1px solid #ddd; padding: 8px;\">9 cm<\/td>\n<\/tr>\n<\/tbody>\n<\/table>","protected":false},"excerpt":{"rendered":"<p class=\"western\" align=\"left\">Avec des formes organiques inspir\u00e9es des nuages, Nuageux se d\u00e9marque par sa fluidit\u00e9 et sa d\u00e9licatesse.<\/p>\n<p class=\"western\" align=\"left\">Sa surface est compos\u00e9e d'une multitude de petites boucles en c\u00e9ramique qui g\u00e9n\u00e8rent un jeu unique d'ombre et de lumi\u00e8re.<\/p>\n<p>Fabriqu\u00e9 avec de la c\u00e9ramique imprim\u00e9e en 3D et une base en li\u00e8ge recycl\u00e9, il allie durabilit\u00e9 et artisanat contemporain, ajoutant du caract\u00e8re \u00e0 n&#039;importe quel espace.<\/p>\n<p>Chaque pi\u00e8ce est finie \u00e0 la main.<\/p>\n<p><strong>La pi\u00e8ce n&#039;est pas \u00e9maill\u00e9e et ne convient pas pour contenir des liquides.<\/strong><\/p>\n<p>Exp\u00e9dition dans 1-2 semaines<\/p>\n<p>Mesures:<\/p>\n<table style=\"width: 100%; border-collapse: collapse; border: 1px solid #ddd; text-align: center;\">\n<tbody>\n<tr>\n<td style=\"border: 1px solid #ddd; padding: 8px;\">Hauteur<\/td>\n<td style=\"border: 1px solid #ddd; padding: 8px;\"><strong>25 cm<\/strong><\/td>\n<td style=\"border: 1px solid #ddd; padding: 8px;\"><strong>15 cm<\/strong><\/td>\n<\/tr>\n<tr>\n<td style=\"border: 1px solid #ddd; padding: 8px;\">Largeur<\/td>\n<td style=\"border: 1px solid #ddd; padding: 8px;\">15 cm<\/td>\n<td style=\"border: 1px solid #ddd; padding: 8px;\">9 cm<\/td>\n<\/tr>\n<\/tbody>\n<\/table>","protected":false},"featured_media":1413,"comment_status":"open","ping_status":"closed","template":"","meta":{"_gspb_post_css":""},"product_brand":[],"product_cat":[25,75,24],"product_tag":[],"class_list":{"0":"post-1432","1":"product","2":"type-product","3":"status-publish","4":"has-post-thumbnail","6":"product_cat-ceramica","7":"product_cat-gerros","8":"product_cat-impressio-3d-2","10":"first","11":"instock","12":"taxable","13":"shipping-taxable","14":"purchasable","15":"product-type-variable"},"_links":{"self":[{"href":"https:\/\/surantdesign.com\/fr\/wp-json\/wp\/v2\/product\/1432","targetHints":{"allow":["GET"]}}],"collection":[{"href":"https:\/\/surantdesign.com\/fr\/wp-json\/wp\/v2\/product"}],"about":[{"href":"https:\/\/surantdesign.com\/fr\/wp-json\/wp\/v2\/types\/product"}],"replies":[{"embeddable":true,"href":"https:\/\/surantdesign.com\/fr\/wp-json\/wp\/v2\/comments?post=1432"}],"wp:featuredmedia":[{"embeddable":true,"href":"https:\/\/surantdesign.com\/fr\/wp-json\/wp\/v2\/media\/1413"}],"wp:attachment":[{"href":"https:\/\/surantdesign.com\/fr\/wp-json\/wp\/v2\/media?parent=1432"}],"wp:term":[{"taxonomy":"product_brand","embeddable":true,"href":"https:\/\/surantdesign.com\/fr\/wp-json\/wp\/v2\/product_brand?post=1432"},{"taxonomy":"product_cat","embeddable":true,"href":"https:\/\/surantdesign.com\/fr\/wp-json\/wp\/v2\/product_cat?post=1432"},{"taxonomy":"product_tag","embeddable":true,"href":"https:\/\/surantdesign.com\/fr\/wp-json\/wp\/v2\/product_tag?post=1432"}],"curies":[{"name":"wp","href":"https:\/\/api.w.org\/{rel}","templated":true}]}}