{"id":248,"date":"2025-02-08T20:48:11","date_gmt":"2025-02-08T19:48:11","guid":{"rendered":"https:\/\/surantdesign.com\/?post_type=product&#038;p=248"},"modified":"2025-03-25T13:04:08","modified_gmt":"2025-03-25T12:04:08","slug":"tresse-ronde","status":"publish","type":"product","link":"https:\/\/surantdesign.com\/fr\/boutique\/tresse-ronde\/","title":{"rendered":"Ronde \u00e0 embo\u00eetement"},"content":{"rendered":"<p>Pi\u00e8ce au design subtil et minimaliste, inspir\u00e9e du tissage des fibres des paniers traditionnels qui s&#039;entrelacent les unes avec les autres.<\/p>\n<p>Le motif \u00e9merge de la base et s\u2019\u00e9tend jusqu\u2019\u00e0 la bouche, cr\u00e9ant une texture unique qui invite \u00e0 l\u2019exploration avec la vue et le toucher.<\/p>\n<p>Fabriqu\u00e9 avec de la c\u00e9ramique imprim\u00e9e en 3D et une base en li\u00e8ge recycl\u00e9, il allie durabilit\u00e9 et artisanat contemporain, ajoutant du caract\u00e8re \u00e0 n&#039;importe quel espace.<\/p>\n<p>Chaque pi\u00e8ce est finie \u00e0 la main.<\/p>\n<p><strong>La pi\u00e8ce n&#039;est pas \u00e9maill\u00e9e et ne convient pas pour contenir des liquides.<\/strong><\/p>\n<p>Hauteur : 20 cm<\/p>\n<p>Diam\u00e8tre : 10 cm<\/p>","protected":false},"excerpt":{"rendered":"<p>Pi\u00e8ce au design subtil et minimaliste, inspir\u00e9e du tissage des fibres des paniers traditionnels qui s&#039;entrelacent les unes avec les autres.<\/p>\n<p>Le motif \u00e9merge de la base et s\u2019\u00e9tend jusqu\u2019\u00e0 la bouche, cr\u00e9ant une texture unique qui invite \u00e0 l\u2019exploration avec la vue et le toucher.<\/p>\n<p>Fabriqu\u00e9 avec de la c\u00e9ramique imprim\u00e9e en 3D et une base en li\u00e8ge recycl\u00e9, il allie durabilit\u00e9 et artisanat contemporain, ajoutant du caract\u00e8re \u00e0 n&#039;importe quel espace.<\/p>\n<p>Chaque pi\u00e8ce est finie \u00e0 la main.<\/p>\n<p><strong>La pi\u00e8ce n&#039;est pas \u00e9maill\u00e9e et ne convient pas pour contenir des liquides.<\/strong><\/p>\n<p>Hauteur : 20 cm<\/p>\n<p>Diam\u00e8tre : 10 cm<\/p>","protected":false},"featured_media":1411,"comment_status":"open","ping_status":"closed","template":"","meta":{"_gspb_post_css":""},"product_brand":[],"product_cat":[25,75,24],"product_tag":[],"class_list":{"0":"post-248","1":"product","2":"type-product","3":"status-publish","4":"has-post-thumbnail","6":"product_cat-ceramica","7":"product_cat-gerros","8":"product_cat-impressio-3d-2","10":"first","11":"instock","12":"taxable","13":"shipping-taxable","14":"purchasable","15":"product-type-variable"},"_links":{"self":[{"href":"https:\/\/surantdesign.com\/fr\/wp-json\/wp\/v2\/product\/248","targetHints":{"allow":["GET"]}}],"collection":[{"href":"https:\/\/surantdesign.com\/fr\/wp-json\/wp\/v2\/product"}],"about":[{"href":"https:\/\/surantdesign.com\/fr\/wp-json\/wp\/v2\/types\/product"}],"replies":[{"embeddable":true,"href":"https:\/\/surantdesign.com\/fr\/wp-json\/wp\/v2\/comments?post=248"}],"wp:featuredmedia":[{"embeddable":true,"href":"https:\/\/surantdesign.com\/fr\/wp-json\/wp\/v2\/media\/1411"}],"wp:attachment":[{"href":"https:\/\/surantdesign.com\/fr\/wp-json\/wp\/v2\/media?parent=248"}],"wp:term":[{"taxonomy":"product_brand","embeddable":true,"href":"https:\/\/surantdesign.com\/fr\/wp-json\/wp\/v2\/product_brand?post=248"},{"taxonomy":"product_cat","embeddable":true,"href":"https:\/\/surantdesign.com\/fr\/wp-json\/wp\/v2\/product_cat?post=248"},{"taxonomy":"product_tag","embeddable":true,"href":"https:\/\/surantdesign.com\/fr\/wp-json\/wp\/v2\/product_tag?post=248"}],"curies":[{"name":"wp","href":"https:\/\/api.w.org\/{rel}","templated":true}]}}