{"id":288,"date":"2025-02-09T10:08:45","date_gmt":"2025-02-09T09:08:45","guid":{"rendered":"https:\/\/surantdesign.com\/?post_type=product&#038;p=288"},"modified":"2025-03-25T13:08:42","modified_gmt":"2025-03-25T12:08:42","slug":"pop","status":"publish","type":"product","link":"https:\/\/surantdesign.com\/fr\/boutique\/pop\/","title":{"rendered":"Pieuvre"},"content":{"rendered":"<p>Les tentacules d'une pieuvre prennent forme dans ce vase aux lignes sinueuses. Les spirales s'\u00e9l\u00e8vent de la base jusqu'\u00e0 l'ouverture, tandis que de petites protub\u00e9rances parcourent la surface \u00e9voquant les ventouses de cet animal marin.<\/p>\n<p>Une pi\u00e8ce singuli\u00e8re qui joue avec la texture et le volume pour cr\u00e9er une pr\u00e9sence unique.<\/p>\n<p>Fabriqu\u00e9 avec de la c\u00e9ramique imprim\u00e9e en 3D et une base en li\u00e8ge recycl\u00e9, il allie durabilit\u00e9 et artisanat contemporain, ajoutant du caract\u00e8re \u00e0 n&#039;importe quel espace.<\/p>\n<p>Chaque pi\u00e8ce est finie \u00e0 la main.<\/p>\n<p><strong>La pi\u00e8ce n&#039;est pas \u00e9maill\u00e9e et ne convient pas pour contenir des liquides.<\/strong><\/p>\n<p>Exp\u00e9dition dans 1-2 semaines<\/p>\n<p>Mesures:<\/p>\n<table style=\"width: 100%; border-collapse: collapse; border: 1px solid #ddd; text-align: center;\">\n<tbody>\n<tr>\n<td style=\"border: 1px solid #ddd; padding: 8px;\">Hauteur<\/td>\n<td style=\"border: 1px solid #ddd; padding: 8px;\"><strong>30 cm<\/strong><\/td>\n<td style=\"border: 1px solid #ddd; padding: 8px;\"><strong>16 cm<\/strong><\/td>\n<\/tr>\n<tr>\n<td style=\"border: 1px solid #ddd; padding: 8px;\">Diam\u00e8tre<\/td>\n<td style=\"border: 1px solid #ddd; padding: 8px;\">18 cm<\/td>\n<td style=\"border: 1px solid #ddd; padding: 8px;\">10 cm<\/td>\n<\/tr>\n<\/tbody>\n<\/table>","protected":false},"excerpt":{"rendered":"<p>Les tentacules d'une pieuvre prennent forme dans ce vase aux lignes sinueuses. Les spirales s'\u00e9l\u00e8vent de la base jusqu'\u00e0 l'ouverture, tandis que de petites protub\u00e9rances parcourent la surface \u00e9voquant les ventouses de cet animal marin.<\/p>\n<p>Une pi\u00e8ce singuli\u00e8re qui joue avec la texture et le volume pour cr\u00e9er une pr\u00e9sence unique.<\/p>\n<p>Fabriqu\u00e9 avec de la c\u00e9ramique imprim\u00e9e en 3D et une base en li\u00e8ge recycl\u00e9, il allie durabilit\u00e9 et artisanat contemporain, ajoutant du caract\u00e8re \u00e0 n&#039;importe quel espace.<\/p>\n<p>Chaque pi\u00e8ce est finie \u00e0 la main.<\/p>\n<p><strong>La pi\u00e8ce n&#039;est pas \u00e9maill\u00e9e et ne convient pas pour contenir des liquides.<\/strong><\/p>\n<p>Exp\u00e9dition dans 1-2 semaines<\/p>\n<p>Mesures:<\/p>\n<table style=\"width: 100%; border-collapse: collapse; border: 1px solid #ddd; text-align: center;\">\n<tbody>\n<tr>\n<td style=\"border: 1px solid #ddd; padding: 8px;\">Hauteur<\/td>\n<td style=\"border: 1px solid #ddd; padding: 8px;\"><strong>30 cm<\/strong><\/td>\n<td style=\"border: 1px solid #ddd; padding: 8px;\"><strong>16 cm<\/strong><\/td>\n<\/tr>\n<tr>\n<td style=\"border: 1px solid #ddd; padding: 8px;\">Diam\u00e8tre<\/td>\n<td style=\"border: 1px solid #ddd; padding: 8px;\">18 cm<\/td>\n<td style=\"border: 1px solid #ddd; padding: 8px;\">10 cm<\/td>\n<\/tr>\n<\/tbody>\n<\/table>","protected":false},"featured_media":1416,"comment_status":"open","ping_status":"closed","template":"","meta":{"_gspb_post_css":""},"product_brand":[],"product_cat":[25,75,24],"product_tag":[],"class_list":{"0":"post-288","1":"product","2":"type-product","3":"status-publish","4":"has-post-thumbnail","6":"product_cat-ceramica","7":"product_cat-gerros","8":"product_cat-impressio-3d-2","10":"first","11":"instock","12":"taxable","13":"shipping-taxable","14":"purchasable","15":"product-type-variable"},"_links":{"self":[{"href":"https:\/\/surantdesign.com\/fr\/wp-json\/wp\/v2\/product\/288","targetHints":{"allow":["GET"]}}],"collection":[{"href":"https:\/\/surantdesign.com\/fr\/wp-json\/wp\/v2\/product"}],"about":[{"href":"https:\/\/surantdesign.com\/fr\/wp-json\/wp\/v2\/types\/product"}],"replies":[{"embeddable":true,"href":"https:\/\/surantdesign.com\/fr\/wp-json\/wp\/v2\/comments?post=288"}],"wp:featuredmedia":[{"embeddable":true,"href":"https:\/\/surantdesign.com\/fr\/wp-json\/wp\/v2\/media\/1416"}],"wp:attachment":[{"href":"https:\/\/surantdesign.com\/fr\/wp-json\/wp\/v2\/media?parent=288"}],"wp:term":[{"taxonomy":"product_brand","embeddable":true,"href":"https:\/\/surantdesign.com\/fr\/wp-json\/wp\/v2\/product_brand?post=288"},{"taxonomy":"product_cat","embeddable":true,"href":"https:\/\/surantdesign.com\/fr\/wp-json\/wp\/v2\/product_cat?post=288"},{"taxonomy":"product_tag","embeddable":true,"href":"https:\/\/surantdesign.com\/fr\/wp-json\/wp\/v2\/product_tag?post=288"}],"curies":[{"name":"wp","href":"https:\/\/api.w.org\/{rel}","templated":true}]}}